{"id":175,"date":"2022-04-21T07:28:45","date_gmt":"2022-04-21T05:28:45","guid":{"rendered":"https:\/\/paysika.co\/cm\/?page_id=175"},"modified":"2023-08-31T13:44:06","modified_gmt":"2023-08-31T11:44:06","slug":"card-section-fr","status":"publish","type":"page","link":"https:\/\/paysika.co\/cm\/card-section-fr\/","title":{"rendered":"Carte Instantan\u00e9e &#8212; Section"},"content":{"rendered":"\n<p>Nous offrons deux types de cartes bancaires : la virtuelle et la physique. Les deux cartes vous permettent de payer sur n\u2019importe quel site en ligne (<strong>Amazon<\/strong>, <strong>Netflix<\/strong>,<strong> Alibaba<\/strong>, <strong>Cdiscount<\/strong>, <strong>etc.)<\/strong> ou d\u2019\u00eatre connect\u00e9 \u00e0 des plateformes telles que <strong>Google Play, App Store, PayPal<\/strong>, etc.<\/p>\n","protected":false},"excerpt":{"rendered":"<p>Nous offrons deux types de cartes bancaires : la virtuelle et la physique. Les deux cartes vous permettent de payer sur n\u2019importe quel site en ligne (Amazon, Netflix, Alibaba, Cdiscount, etc.) ou d\u2019\u00eatre connect\u00e9 \u00e0 des plateformes telles que Google Play, App Store, PayPal, etc.<\/p>\n","protected":false},"author":1,"featured_media":1365,"parent":0,"menu_order":0,"comment_status":"closed","ping_status":"closed","template":"","meta":{"_acf_changed":false,"om_disable_all_campaigns":false,"inline_featured_image":false,"footnotes":""},"class_list":["post-175","page","type-page","status-publish","has-post-thumbnail","hentry"],"acf":[],"yoast_head":"<!-- This site is optimized with the Yoast SEO Premium plugin v20.3 (Yoast SEO v25.5) - https:\/\/yoast.com\/wordpress\/plugins\/seo\/ -->\n<title>Carte bancaire Cameroun<\/title>\n<meta name=\"description\" content=\"Nous offrons deux types de cartes bancaires : la virtuelle et la physique. Les deux cartes vous permettent de payer sur les sites en ligne\" \/>\n<meta name=\"robots\" content=\"index, follow, max-snippet:-1, max-image-preview:large, max-video-preview:-1\" \/>\n<link rel=\"canonical\" href=\"https:\/\/paysika.co\/cm\/card-section-fr\/\" \/>\n<meta property=\"og:locale\" content=\"fr_FR\" \/>\n<meta property=\"og:type\" content=\"article\" \/>\n<meta property=\"og:title\" content=\"Carte Instantan\u00e9e -- Section\" \/>\n<meta property=\"og:description\" content=\"Nous offrons deux types de cartes bancaires : la virtuelle et la physique. Les deux cartes vous permettent de payer sur les sites en ligne\" \/>\n<meta property=\"og:url\" content=\"https:\/\/paysika.co\/cm\/card-section-fr\/\" \/>\n<meta property=\"og:site_name\" content=\"Cameroun\" \/>\n<meta property=\"article:publisher\" content=\"https:\/\/www.facebook.com\/paysika\" \/>\n<meta property=\"article:modified_time\" content=\"2023-08-31T11:44:06+00:00\" \/>\n<meta property=\"og:image\" content=\"https:\/\/paysika.co\/cm\/wp-content\/uploads\/sites\/14\/2023\/03\/carte-virtuelle-instantanee-visas.png\" \/>\n\t<meta property=\"og:image:width\" content=\"969\" \/>\n\t<meta property=\"og:image:height\" content=\"811\" \/>\n\t<meta property=\"og:image:type\" content=\"image\/png\" \/>\n<meta name=\"twitter:card\" content=\"summary_large_image\" \/>\n<meta name=\"twitter:site\" content=\"@Paysika_Afrique\" \/>\n<meta name=\"twitter:label1\" content=\"Est. reading time\" \/>\n\t<meta name=\"twitter:data1\" content=\"1 minute\" \/>\n<script type=\"application\/ld+json\" class=\"yoast-schema-graph\">{\"@context\":\"https:\/\/schema.org\",\"@graph\":[{\"@type\":\"WebPage\",\"@id\":\"https:\/\/paysika.co\/cm\/card-section-fr\/\",\"url\":\"https:\/\/paysika.co\/cm\/card-section-fr\/\",\"name\":\"Carte bancaire Cameroun\",\"isPartOf\":{\"@id\":\"https:\/\/paysika.co\/cm\/#website\"},\"primaryImageOfPage\":{\"@id\":\"https:\/\/paysika.co\/cm\/card-section-fr\/#primaryimage\"},\"image\":{\"@id\":\"https:\/\/paysika.co\/cm\/card-section-fr\/#primaryimage\"},\"thumbnailUrl\":\"https:\/\/i0.wp.com\/paysika.co\/cm\/wp-content\/uploads\/sites\/14\/2023\/03\/carte-virtuelle-instantanee-visas.png?fit=969%2C811&ssl=1\",\"datePublished\":\"2022-04-21T05:28:45+00:00\",\"dateModified\":\"2023-08-31T11:44:06+00:00\",\"description\":\"Nous offrons deux types de cartes bancaires : la virtuelle et la physique. Les deux cartes vous permettent de payer sur les sites en ligne\",\"breadcrumb\":{\"@id\":\"https:\/\/paysika.co\/cm\/card-section-fr\/#breadcrumb\"},\"inLanguage\":\"fr-FR\",\"potentialAction\":[{\"@type\":\"ReadAction\",\"target\":[\"https:\/\/paysika.co\/cm\/card-section-fr\/\"]}]},{\"@type\":\"ImageObject\",\"inLanguage\":\"fr-FR\",\"@id\":\"https:\/\/paysika.co\/cm\/card-section-fr\/#primaryimage\",\"url\":\"https:\/\/i0.wp.com\/paysika.co\/cm\/wp-content\/uploads\/sites\/14\/2023\/03\/carte-virtuelle-instantanee-visas.png?fit=969%2C811&ssl=1\",\"contentUrl\":\"https:\/\/i0.wp.com\/paysika.co\/cm\/wp-content\/uploads\/sites\/14\/2023\/03\/carte-virtuelle-instantanee-visas.png?fit=969%2C811&ssl=1\",\"width\":969,\"height\":811},{\"@type\":\"BreadcrumbList\",\"@id\":\"https:\/\/paysika.co\/cm\/card-section-fr\/#breadcrumb\",\"itemListElement\":[{\"@type\":\"ListItem\",\"position\":1,\"name\":\"Home\",\"item\":\"https:\/\/paysika.co\/cm\/\"},{\"@type\":\"ListItem\",\"position\":2,\"name\":\"Carte Instantan\u00e9e &#8212; Section\"}]},{\"@type\":\"WebSite\",\"@id\":\"https:\/\/paysika.co\/cm\/#website\",\"url\":\"https:\/\/paysika.co\/cm\/\",\"name\":\"Cameroun\",\"description\":\"un compte, une carte bancaire gratuite\",\"publisher\":{\"@id\":\"https:\/\/paysika.co\/cm\/#organization\"},\"potentialAction\":[{\"@type\":\"SearchAction\",\"target\":{\"@type\":\"EntryPoint\",\"urlTemplate\":\"https:\/\/paysika.co\/cm\/?s={search_term_string}\"},\"query-input\":{\"@type\":\"PropertyValueSpecification\",\"valueRequired\":true,\"valueName\":\"search_term_string\"}}],\"inLanguage\":\"fr-FR\"},{\"@type\":\"Organization\",\"@id\":\"https:\/\/paysika.co\/cm\/#organization\",\"name\":\"Paysika\",\"url\":\"https:\/\/paysika.co\/cm\/\",\"logo\":{\"@type\":\"ImageObject\",\"inLanguage\":\"fr-FR\",\"@id\":\"https:\/\/paysika.co\/cm\/#\/schema\/logo\/image\/\",\"url\":\"https:\/\/i0.wp.com\/paysika.co\/cm\/wp-content\/uploads\/sites\/14\/2022\/09\/cropped-favicon.png?fit=512%2C512&ssl=1\",\"contentUrl\":\"https:\/\/i0.wp.com\/paysika.co\/cm\/wp-content\/uploads\/sites\/14\/2022\/09\/cropped-favicon.png?fit=512%2C512&ssl=1\",\"width\":512,\"height\":512,\"caption\":\"Paysika\"},\"image\":{\"@id\":\"https:\/\/paysika.co\/cm\/#\/schema\/logo\/image\/\"},\"sameAs\":[\"https:\/\/www.facebook.com\/paysika\",\"https:\/\/x.com\/Paysika_Afrique\",\"https:\/\/www.instagram.com\/paysika\/\",\"https:\/\/www.linkedin.com\/company\/paysika\",\"https:\/\/www.youtube.com\/@paysika6327\",\"https:\/\/www.tiktok.com\/@paysika\"]}]}<\/script>\n<!-- \/ Yoast SEO Premium plugin. -->","yoast_head_json":{"title":"Carte bancaire Cameroun","description":"Nous offrons deux types de cartes bancaires : la virtuelle et la physique. Les deux cartes vous permettent de payer sur les sites en ligne","robots":{"index":"index","follow":"follow","max-snippet":"max-snippet:-1","max-image-preview":"max-image-preview:large","max-video-preview":"max-video-preview:-1"},"canonical":"https:\/\/paysika.co\/cm\/card-section-fr\/","og_locale":"fr_FR","og_type":"article","og_title":"Carte Instantan\u00e9e -- Section","og_description":"Nous offrons deux types de cartes bancaires : la virtuelle et la physique. Les deux cartes vous permettent de payer sur les sites en ligne","og_url":"https:\/\/paysika.co\/cm\/card-section-fr\/","og_site_name":"Cameroun","article_publisher":"https:\/\/www.facebook.com\/paysika","article_modified_time":"2023-08-31T11:44:06+00:00","og_image":[{"width":969,"height":811,"url":"https:\/\/paysika.co\/cm\/wp-content\/uploads\/sites\/14\/2023\/03\/carte-virtuelle-instantanee-visas.png","type":"image\/png"}],"twitter_card":"summary_large_image","twitter_site":"@Paysika_Afrique","twitter_misc":{"Est. reading time":"1 minute"},"schema":{"@context":"https:\/\/schema.org","@graph":[{"@type":"WebPage","@id":"https:\/\/paysika.co\/cm\/card-section-fr\/","url":"https:\/\/paysika.co\/cm\/card-section-fr\/","name":"Carte bancaire Cameroun","isPartOf":{"@id":"https:\/\/paysika.co\/cm\/#website"},"primaryImageOfPage":{"@id":"https:\/\/paysika.co\/cm\/card-section-fr\/#primaryimage"},"image":{"@id":"https:\/\/paysika.co\/cm\/card-section-fr\/#primaryimage"},"thumbnailUrl":"https:\/\/i0.wp.com\/paysika.co\/cm\/wp-content\/uploads\/sites\/14\/2023\/03\/carte-virtuelle-instantanee-visas.png?fit=969%2C811&ssl=1","datePublished":"2022-04-21T05:28:45+00:00","dateModified":"2023-08-31T11:44:06+00:00","description":"Nous offrons deux types de cartes bancaires : la virtuelle et la physique. Les deux cartes vous permettent de payer sur les sites en ligne","breadcrumb":{"@id":"https:\/\/paysika.co\/cm\/card-section-fr\/#breadcrumb"},"inLanguage":"fr-FR","potentialAction":[{"@type":"ReadAction","target":["https:\/\/paysika.co\/cm\/card-section-fr\/"]}]},{"@type":"ImageObject","inLanguage":"fr-FR","@id":"https:\/\/paysika.co\/cm\/card-section-fr\/#primaryimage","url":"https:\/\/i0.wp.com\/paysika.co\/cm\/wp-content\/uploads\/sites\/14\/2023\/03\/carte-virtuelle-instantanee-visas.png?fit=969%2C811&ssl=1","contentUrl":"https:\/\/i0.wp.com\/paysika.co\/cm\/wp-content\/uploads\/sites\/14\/2023\/03\/carte-virtuelle-instantanee-visas.png?fit=969%2C811&ssl=1","width":969,"height":811},{"@type":"BreadcrumbList","@id":"https:\/\/paysika.co\/cm\/card-section-fr\/#breadcrumb","itemListElement":[{"@type":"ListItem","position":1,"name":"Home","item":"https:\/\/paysika.co\/cm\/"},{"@type":"ListItem","position":2,"name":"Carte Instantan\u00e9e &#8212; Section"}]},{"@type":"WebSite","@id":"https:\/\/paysika.co\/cm\/#website","url":"https:\/\/paysika.co\/cm\/","name":"Cameroun","description":"un compte, une carte bancaire gratuite","publisher":{"@id":"https:\/\/paysika.co\/cm\/#organization"},"potentialAction":[{"@type":"SearchAction","target":{"@type":"EntryPoint","urlTemplate":"https:\/\/paysika.co\/cm\/?s={search_term_string}"},"query-input":{"@type":"PropertyValueSpecification","valueRequired":true,"valueName":"search_term_string"}}],"inLanguage":"fr-FR"},{"@type":"Organization","@id":"https:\/\/paysika.co\/cm\/#organization","name":"Paysika","url":"https:\/\/paysika.co\/cm\/","logo":{"@type":"ImageObject","inLanguage":"fr-FR","@id":"https:\/\/paysika.co\/cm\/#\/schema\/logo\/image\/","url":"https:\/\/i0.wp.com\/paysika.co\/cm\/wp-content\/uploads\/sites\/14\/2022\/09\/cropped-favicon.png?fit=512%2C512&ssl=1","contentUrl":"https:\/\/i0.wp.com\/paysika.co\/cm\/wp-content\/uploads\/sites\/14\/2022\/09\/cropped-favicon.png?fit=512%2C512&ssl=1","width":512,"height":512,"caption":"Paysika"},"image":{"@id":"https:\/\/paysika.co\/cm\/#\/schema\/logo\/image\/"},"sameAs":["https:\/\/www.facebook.com\/paysika","https:\/\/x.com\/Paysika_Afrique","https:\/\/www.instagram.com\/paysika\/","https:\/\/www.linkedin.com\/company\/paysika","https:\/\/www.youtube.com\/@paysika6327","https:\/\/www.tiktok.com\/@paysika"]}]}},"_links":{"self":[{"href":"https:\/\/paysika.co\/cm\/wp-json\/wp\/v2\/pages\/175","targetHints":{"allow":["GET"]}}],"collection":[{"href":"https:\/\/paysika.co\/cm\/wp-json\/wp\/v2\/pages"}],"about":[{"href":"https:\/\/paysika.co\/cm\/wp-json\/wp\/v2\/types\/page"}],"author":[{"embeddable":true,"href":"https:\/\/paysika.co\/cm\/wp-json\/wp\/v2\/users\/1"}],"replies":[{"embeddable":true,"href":"https:\/\/paysika.co\/cm\/wp-json\/wp\/v2\/comments?post=175"}],"version-history":[{"count":13,"href":"https:\/\/paysika.co\/cm\/wp-json\/wp\/v2\/pages\/175\/revisions"}],"predecessor-version":[{"id":1784,"href":"https:\/\/paysika.co\/cm\/wp-json\/wp\/v2\/pages\/175\/revisions\/1784"}],"wp:featuredmedia":[{"embeddable":true,"href":"https:\/\/paysika.co\/cm\/wp-json\/wp\/v2\/media\/1365"}],"wp:attachment":[{"href":"https:\/\/paysika.co\/cm\/wp-json\/wp\/v2\/media?parent=175"}],"curies":[{"name":"wp","href":"https:\/\/api.w.org\/{rel}","templated":true}]}}