{"id":197,"date":"2022-04-21T22:31:22","date_gmt":"2022-04-21T20:31:22","guid":{"rendered":"https:\/\/paysika.co\/cm\/?page_id=197"},"modified":"2026-01-14T12:50:11","modified_gmt":"2026-01-14T11:50:11","slug":"app-section-fr","status":"publish","type":"page","link":"https:\/\/paysika.co\/cm\/app-section-fr\/","title":{"rendered":"App &#8212; Section"},"content":{"rendered":"\n<p>Installez PaySika et cr\u00e9ez votre compte en moins de 2 minutes. Cr\u00e9ez vos cartes et commencez \u00e0 les  utiliser d\u00e8s maintenant.<\/p>\n\n\n\n<p><\/p>\n","protected":false},"excerpt":{"rendered":"<p>Installez PaySika et cr\u00e9ez votre compte en moins de 2 minutes. Cr\u00e9ez vos cartes et commencez \u00e0 les utiliser d\u00e8s maintenant.<\/p>\n","protected":false},"author":1,"featured_media":203,"parent":0,"menu_order":0,"comment_status":"closed","ping_status":"closed","template":"","meta":{"_acf_changed":false,"om_disable_all_campaigns":false,"inline_featured_image":false,"footnotes":""},"class_list":["post-197","page","type-page","status-publish","has-post-thumbnail","hentry"],"acf":[],"yoast_head":"<!-- This site is optimized with the Yoast SEO Premium plugin v20.3 (Yoast SEO v25.5) - https:\/\/yoast.com\/wordpress\/plugins\/seo\/ -->\n<title>Service financier - Cameroun<\/title>\n<meta name=\"description\" content=\"Installez PaySika et cr\u00e9ez votre compte en moins de 2 minutes. Cr\u00e9ez vos cartes et commencez \u00e0 les utiliser d\u00e8s maintenant.\" \/>\n<meta name=\"robots\" content=\"index, follow, max-snippet:-1, max-image-preview:large, max-video-preview:-1\" \/>\n<link rel=\"canonical\" href=\"https:\/\/paysika.co\/cm\/app-section-fr\/\" \/>\n<meta property=\"og:locale\" content=\"fr_FR\" \/>\n<meta property=\"og:type\" content=\"article\" \/>\n<meta property=\"og:title\" content=\"App -- Section\" \/>\n<meta property=\"og:description\" content=\"Installez PaySika et cr\u00e9ez votre compte en moins de 2 minutes. Cr\u00e9ez vos cartes et commencez \u00e0 les utiliser d\u00e8s maintenant.\" \/>\n<meta property=\"og:url\" content=\"https:\/\/paysika.co\/cm\/app-section-fr\/\" \/>\n<meta property=\"og:site_name\" content=\"Cameroun\" \/>\n<meta property=\"article:publisher\" content=\"https:\/\/www.facebook.com\/paysika\" \/>\n<meta property=\"article:modified_time\" content=\"2026-01-14T11:50:11+00:00\" \/>\n<meta property=\"og:image\" content=\"https:\/\/paysika.co\/cm\/wp-content\/uploads\/sites\/14\/2022\/04\/telecharge-app.png\" \/>\n\t<meta property=\"og:image:width\" content=\"742\" \/>\n\t<meta property=\"og:image:height\" content=\"812\" \/>\n\t<meta property=\"og:image:type\" content=\"image\/png\" \/>\n<meta name=\"twitter:card\" content=\"summary_large_image\" \/>\n<meta name=\"twitter:site\" content=\"@Paysika_Afrique\" \/>\n<meta name=\"twitter:label1\" content=\"Est. reading time\" \/>\n\t<meta name=\"twitter:data1\" content=\"1 minute\" \/>\n<script type=\"application\/ld+json\" class=\"yoast-schema-graph\">{\"@context\":\"https:\/\/schema.org\",\"@graph\":[{\"@type\":\"WebPage\",\"@id\":\"https:\/\/paysika.co\/cm\/app-section-fr\/\",\"url\":\"https:\/\/paysika.co\/cm\/app-section-fr\/\",\"name\":\"Service financier - Cameroun\",\"isPartOf\":{\"@id\":\"https:\/\/paysika.co\/cm\/#website\"},\"primaryImageOfPage\":{\"@id\":\"https:\/\/paysika.co\/cm\/app-section-fr\/#primaryimage\"},\"image\":{\"@id\":\"https:\/\/paysika.co\/cm\/app-section-fr\/#primaryimage\"},\"thumbnailUrl\":\"https:\/\/i0.wp.com\/paysika.co\/cm\/wp-content\/uploads\/sites\/14\/2022\/04\/telecharge-app.png?fit=742%2C812&ssl=1\",\"datePublished\":\"2022-04-21T20:31:22+00:00\",\"dateModified\":\"2026-01-14T11:50:11+00:00\",\"description\":\"Installez PaySika et cr\u00e9ez votre compte en moins de 2 minutes. Cr\u00e9ez vos cartes et commencez \u00e0 les utiliser d\u00e8s maintenant.\",\"breadcrumb\":{\"@id\":\"https:\/\/paysika.co\/cm\/app-section-fr\/#breadcrumb\"},\"inLanguage\":\"fr-FR\",\"potentialAction\":[{\"@type\":\"ReadAction\",\"target\":[\"https:\/\/paysika.co\/cm\/app-section-fr\/\"]}]},{\"@type\":\"ImageObject\",\"inLanguage\":\"fr-FR\",\"@id\":\"https:\/\/paysika.co\/cm\/app-section-fr\/#primaryimage\",\"url\":\"https:\/\/i0.wp.com\/paysika.co\/cm\/wp-content\/uploads\/sites\/14\/2022\/04\/telecharge-app.png?fit=742%2C812&ssl=1\",\"contentUrl\":\"https:\/\/i0.wp.com\/paysika.co\/cm\/wp-content\/uploads\/sites\/14\/2022\/04\/telecharge-app.png?fit=742%2C812&ssl=1\",\"width\":742,\"height\":812},{\"@type\":\"BreadcrumbList\",\"@id\":\"https:\/\/paysika.co\/cm\/app-section-fr\/#breadcrumb\",\"itemListElement\":[{\"@type\":\"ListItem\",\"position\":1,\"name\":\"Home\",\"item\":\"https:\/\/paysika.co\/cm\/\"},{\"@type\":\"ListItem\",\"position\":2,\"name\":\"App &#8212; Section\"}]},{\"@type\":\"WebSite\",\"@id\":\"https:\/\/paysika.co\/cm\/#website\",\"url\":\"https:\/\/paysika.co\/cm\/\",\"name\":\"Cameroun\",\"description\":\"un compte, une carte bancaire gratuite\",\"publisher\":{\"@id\":\"https:\/\/paysika.co\/cm\/#organization\"},\"potentialAction\":[{\"@type\":\"SearchAction\",\"target\":{\"@type\":\"EntryPoint\",\"urlTemplate\":\"https:\/\/paysika.co\/cm\/?s={search_term_string}\"},\"query-input\":{\"@type\":\"PropertyValueSpecification\",\"valueRequired\":true,\"valueName\":\"search_term_string\"}}],\"inLanguage\":\"fr-FR\"},{\"@type\":\"Organization\",\"@id\":\"https:\/\/paysika.co\/cm\/#organization\",\"name\":\"Paysika\",\"url\":\"https:\/\/paysika.co\/cm\/\",\"logo\":{\"@type\":\"ImageObject\",\"inLanguage\":\"fr-FR\",\"@id\":\"https:\/\/paysika.co\/cm\/#\/schema\/logo\/image\/\",\"url\":\"https:\/\/i0.wp.com\/paysika.co\/cm\/wp-content\/uploads\/sites\/14\/2022\/09\/cropped-favicon.png?fit=512%2C512&ssl=1\",\"contentUrl\":\"https:\/\/i0.wp.com\/paysika.co\/cm\/wp-content\/uploads\/sites\/14\/2022\/09\/cropped-favicon.png?fit=512%2C512&ssl=1\",\"width\":512,\"height\":512,\"caption\":\"Paysika\"},\"image\":{\"@id\":\"https:\/\/paysika.co\/cm\/#\/schema\/logo\/image\/\"},\"sameAs\":[\"https:\/\/www.facebook.com\/paysika\",\"https:\/\/x.com\/Paysika_Afrique\",\"https:\/\/www.instagram.com\/paysika\/\",\"https:\/\/www.linkedin.com\/company\/paysika\",\"https:\/\/www.youtube.com\/@paysika6327\",\"https:\/\/www.tiktok.com\/@paysika\"]}]}<\/script>\n<!-- \/ Yoast SEO Premium plugin. -->","yoast_head_json":{"title":"Service financier - Cameroun","description":"Installez PaySika et cr\u00e9ez votre compte en moins de 2 minutes. Cr\u00e9ez vos cartes et commencez \u00e0 les utiliser d\u00e8s maintenant.","robots":{"index":"index","follow":"follow","max-snippet":"max-snippet:-1","max-image-preview":"max-image-preview:large","max-video-preview":"max-video-preview:-1"},"canonical":"https:\/\/paysika.co\/cm\/app-section-fr\/","og_locale":"fr_FR","og_type":"article","og_title":"App -- Section","og_description":"Installez PaySika et cr\u00e9ez votre compte en moins de 2 minutes. Cr\u00e9ez vos cartes et commencez \u00e0 les utiliser d\u00e8s maintenant.","og_url":"https:\/\/paysika.co\/cm\/app-section-fr\/","og_site_name":"Cameroun","article_publisher":"https:\/\/www.facebook.com\/paysika","article_modified_time":"2026-01-14T11:50:11+00:00","og_image":[{"width":742,"height":812,"url":"https:\/\/paysika.co\/cm\/wp-content\/uploads\/sites\/14\/2022\/04\/telecharge-app.png","type":"image\/png"}],"twitter_card":"summary_large_image","twitter_site":"@Paysika_Afrique","twitter_misc":{"Est. reading time":"1 minute"},"schema":{"@context":"https:\/\/schema.org","@graph":[{"@type":"WebPage","@id":"https:\/\/paysika.co\/cm\/app-section-fr\/","url":"https:\/\/paysika.co\/cm\/app-section-fr\/","name":"Service financier - Cameroun","isPartOf":{"@id":"https:\/\/paysika.co\/cm\/#website"},"primaryImageOfPage":{"@id":"https:\/\/paysika.co\/cm\/app-section-fr\/#primaryimage"},"image":{"@id":"https:\/\/paysika.co\/cm\/app-section-fr\/#primaryimage"},"thumbnailUrl":"https:\/\/i0.wp.com\/paysika.co\/cm\/wp-content\/uploads\/sites\/14\/2022\/04\/telecharge-app.png?fit=742%2C812&ssl=1","datePublished":"2022-04-21T20:31:22+00:00","dateModified":"2026-01-14T11:50:11+00:00","description":"Installez PaySika et cr\u00e9ez votre compte en moins de 2 minutes. Cr\u00e9ez vos cartes et commencez \u00e0 les utiliser d\u00e8s maintenant.","breadcrumb":{"@id":"https:\/\/paysika.co\/cm\/app-section-fr\/#breadcrumb"},"inLanguage":"fr-FR","potentialAction":[{"@type":"ReadAction","target":["https:\/\/paysika.co\/cm\/app-section-fr\/"]}]},{"@type":"ImageObject","inLanguage":"fr-FR","@id":"https:\/\/paysika.co\/cm\/app-section-fr\/#primaryimage","url":"https:\/\/i0.wp.com\/paysika.co\/cm\/wp-content\/uploads\/sites\/14\/2022\/04\/telecharge-app.png?fit=742%2C812&ssl=1","contentUrl":"https:\/\/i0.wp.com\/paysika.co\/cm\/wp-content\/uploads\/sites\/14\/2022\/04\/telecharge-app.png?fit=742%2C812&ssl=1","width":742,"height":812},{"@type":"BreadcrumbList","@id":"https:\/\/paysika.co\/cm\/app-section-fr\/#breadcrumb","itemListElement":[{"@type":"ListItem","position":1,"name":"Home","item":"https:\/\/paysika.co\/cm\/"},{"@type":"ListItem","position":2,"name":"App &#8212; Section"}]},{"@type":"WebSite","@id":"https:\/\/paysika.co\/cm\/#website","url":"https:\/\/paysika.co\/cm\/","name":"Cameroun","description":"un compte, une carte bancaire gratuite","publisher":{"@id":"https:\/\/paysika.co\/cm\/#organization"},"potentialAction":[{"@type":"SearchAction","target":{"@type":"EntryPoint","urlTemplate":"https:\/\/paysika.co\/cm\/?s={search_term_string}"},"query-input":{"@type":"PropertyValueSpecification","valueRequired":true,"valueName":"search_term_string"}}],"inLanguage":"fr-FR"},{"@type":"Organization","@id":"https:\/\/paysika.co\/cm\/#organization","name":"Paysika","url":"https:\/\/paysika.co\/cm\/","logo":{"@type":"ImageObject","inLanguage":"fr-FR","@id":"https:\/\/paysika.co\/cm\/#\/schema\/logo\/image\/","url":"https:\/\/i0.wp.com\/paysika.co\/cm\/wp-content\/uploads\/sites\/14\/2022\/09\/cropped-favicon.png?fit=512%2C512&ssl=1","contentUrl":"https:\/\/i0.wp.com\/paysika.co\/cm\/wp-content\/uploads\/sites\/14\/2022\/09\/cropped-favicon.png?fit=512%2C512&ssl=1","width":512,"height":512,"caption":"Paysika"},"image":{"@id":"https:\/\/paysika.co\/cm\/#\/schema\/logo\/image\/"},"sameAs":["https:\/\/www.facebook.com\/paysika","https:\/\/x.com\/Paysika_Afrique","https:\/\/www.instagram.com\/paysika\/","https:\/\/www.linkedin.com\/company\/paysika","https:\/\/www.youtube.com\/@paysika6327","https:\/\/www.tiktok.com\/@paysika"]}]}},"_links":{"self":[{"href":"https:\/\/paysika.co\/cm\/wp-json\/wp\/v2\/pages\/197","targetHints":{"allow":["GET"]}}],"collection":[{"href":"https:\/\/paysika.co\/cm\/wp-json\/wp\/v2\/pages"}],"about":[{"href":"https:\/\/paysika.co\/cm\/wp-json\/wp\/v2\/types\/page"}],"author":[{"embeddable":true,"href":"https:\/\/paysika.co\/cm\/wp-json\/wp\/v2\/users\/1"}],"replies":[{"embeddable":true,"href":"https:\/\/paysika.co\/cm\/wp-json\/wp\/v2\/comments?post=197"}],"version-history":[{"count":47,"href":"https:\/\/paysika.co\/cm\/wp-json\/wp\/v2\/pages\/197\/revisions"}],"predecessor-version":[{"id":1815,"href":"https:\/\/paysika.co\/cm\/wp-json\/wp\/v2\/pages\/197\/revisions\/1815"}],"wp:featuredmedia":[{"embeddable":true,"href":"https:\/\/paysika.co\/cm\/wp-json\/wp\/v2\/media\/203"}],"wp:attachment":[{"href":"https:\/\/paysika.co\/cm\/wp-json\/wp\/v2\/media?parent=197"}],"curies":[{"name":"wp","href":"https:\/\/api.w.org\/{rel}","templated":true}]}}