{"id":852,"date":"2022-08-24T19:58:40","date_gmt":"2022-08-24T17:58:40","guid":{"rendered":"https:\/\/paysika.co\/cm\/?page_id=852"},"modified":"2023-08-16T16:32:49","modified_gmt":"2023-08-16T14:32:49","slug":"ltd-section-fr","status":"publish","type":"page","link":"https:\/\/paysika.co\/cm\/ltd-section-fr\/","title":{"rendered":"LTD &#8211;section FR"},"content":{"rendered":"\n<p>Les cartes bancaires VISA PaySika sont \u00e9mises par PaySika Cameroun conjointement avec Ecobank Cameroon au Cameroun, en vertu d\u2019une licence de Visa International.<br>PaySika Holding est une soci\u00e9t\u00e9 enregistr\u00e9e en France, au Registre du Commerce et des Soci\u00e9t\u00e9s de Toulouse sous le num\u00e9ro 881936744, avec si\u00e8ge social au 55 Avenue Louis Breguet, 31400 Toulouse, La Cit\u00e9, At Home.<br>PaySika Cameroun est immatricul\u00e9e au registre de commerce et du cr\u00e9dit mobilier de Douala sous le num\u00e9ro RC\/DLN\/2021\/B\/2307, dont le si\u00e8ge social est \u00e0 Douala Akwa, sis \u00e0 la Rue Foch; BP 15 027 <br>PaySika C\u00f4te d\u2019Ivoire, est immatricul\u00e9e en C\u00f4te d\u2019Ivoire sous le num\u00e9ro CI-ABJ-03-2022-B17-00002, avec le si\u00e8ge social situ\u00e9 \u00e0 II Plateaux 7eme Tranche, 28 BP 1676 Abidjan 28.<\/p>\n","protected":false},"excerpt":{"rendered":"<p>Les cartes bancaires VISA PaySika sont \u00e9mises par PaySika Cameroun conjointement avec Ecobank Cameroon au Cameroun, en vertu d\u2019une licence de Visa International.PaySika Holding est une soci\u00e9t\u00e9 enregistr\u00e9e en France, au Registre du Commerce et des Soci\u00e9t\u00e9s de Toulouse sous le num\u00e9ro 881936744, avec si\u00e8ge social au 55 Avenue Louis Breguet, 31400 Toulouse, La Cit\u00e9, [&hellip;]<\/p>\n","protected":false},"author":1,"featured_media":0,"parent":0,"menu_order":0,"comment_status":"closed","ping_status":"closed","template":"","meta":{"_acf_changed":false,"om_disable_all_campaigns":false,"inline_featured_image":false,"footnotes":""},"class_list":["post-852","page","type-page","status-publish","hentry"],"acf":[],"yoast_head":"<!-- This site is optimized with the Yoast SEO Premium plugin v20.3 (Yoast SEO v25.5) - https:\/\/yoast.com\/wordpress\/plugins\/seo\/ -->\n<title>LTD -section FR - Cameroun<\/title>\n<meta name=\"robots\" content=\"index, follow, max-snippet:-1, max-image-preview:large, max-video-preview:-1\" \/>\n<link rel=\"canonical\" href=\"https:\/\/paysika.co\/cm\/ltd-section-fr\/\" \/>\n<meta property=\"og:locale\" content=\"fr_FR\" \/>\n<meta property=\"og:type\" content=\"article\" \/>\n<meta property=\"og:title\" content=\"LTD --section FR\" \/>\n<meta property=\"og:description\" content=\"Les cartes bancaires VISA PaySika sont \u00e9mises par PaySika Cameroun conjointement avec Ecobank Cameroon au Cameroun, en vertu d\u2019une licence de Visa International.PaySika Holding est une soci\u00e9t\u00e9 enregistr\u00e9e en France, au Registre du Commerce et des Soci\u00e9t\u00e9s de Toulouse sous le num\u00e9ro 881936744, avec si\u00e8ge social au 55 Avenue Louis Breguet, 31400 Toulouse, La Cit\u00e9, [&hellip;]\" \/>\n<meta property=\"og:url\" content=\"https:\/\/paysika.co\/cm\/ltd-section-fr\/\" \/>\n<meta property=\"og:site_name\" content=\"Cameroun\" \/>\n<meta property=\"article:publisher\" content=\"https:\/\/www.facebook.com\/paysika\" \/>\n<meta property=\"article:modified_time\" content=\"2023-08-16T14:32:49+00:00\" \/>\n<meta property=\"og:image\" content=\"https:\/\/i0.wp.com\/paysika.co\/cm\/wp-content\/uploads\/sites\/14\/2022\/09\/cropped-favicon.png?fit=512%2C512&ssl=1\" \/>\n\t<meta property=\"og:image:width\" content=\"512\" \/>\n\t<meta property=\"og:image:height\" content=\"512\" \/>\n\t<meta property=\"og:image:type\" content=\"image\/png\" \/>\n<meta name=\"twitter:card\" content=\"summary_large_image\" \/>\n<meta name=\"twitter:site\" content=\"@Paysika_Afrique\" \/>\n<meta name=\"twitter:label1\" content=\"Est. reading time\" \/>\n\t<meta name=\"twitter:data1\" content=\"1 minute\" \/>\n<script type=\"application\/ld+json\" class=\"yoast-schema-graph\">{\"@context\":\"https:\/\/schema.org\",\"@graph\":[{\"@type\":\"WebPage\",\"@id\":\"https:\/\/paysika.co\/cm\/ltd-section-fr\/\",\"url\":\"https:\/\/paysika.co\/cm\/ltd-section-fr\/\",\"name\":\"LTD -section FR - Cameroun\",\"isPartOf\":{\"@id\":\"https:\/\/paysika.co\/cm\/#website\"},\"datePublished\":\"2022-08-24T17:58:40+00:00\",\"dateModified\":\"2023-08-16T14:32:49+00:00\",\"breadcrumb\":{\"@id\":\"https:\/\/paysika.co\/cm\/ltd-section-fr\/#breadcrumb\"},\"inLanguage\":\"fr-FR\",\"potentialAction\":[{\"@type\":\"ReadAction\",\"target\":[\"https:\/\/paysika.co\/cm\/ltd-section-fr\/\"]}]},{\"@type\":\"BreadcrumbList\",\"@id\":\"https:\/\/paysika.co\/cm\/ltd-section-fr\/#breadcrumb\",\"itemListElement\":[{\"@type\":\"ListItem\",\"position\":1,\"name\":\"Home\",\"item\":\"https:\/\/paysika.co\/cm\/\"},{\"@type\":\"ListItem\",\"position\":2,\"name\":\"LTD &#8211;section FR\"}]},{\"@type\":\"WebSite\",\"@id\":\"https:\/\/paysika.co\/cm\/#website\",\"url\":\"https:\/\/paysika.co\/cm\/\",\"name\":\"Cameroun\",\"description\":\"un compte, une carte bancaire gratuite\",\"publisher\":{\"@id\":\"https:\/\/paysika.co\/cm\/#organization\"},\"potentialAction\":[{\"@type\":\"SearchAction\",\"target\":{\"@type\":\"EntryPoint\",\"urlTemplate\":\"https:\/\/paysika.co\/cm\/?s={search_term_string}\"},\"query-input\":{\"@type\":\"PropertyValueSpecification\",\"valueRequired\":true,\"valueName\":\"search_term_string\"}}],\"inLanguage\":\"fr-FR\"},{\"@type\":\"Organization\",\"@id\":\"https:\/\/paysika.co\/cm\/#organization\",\"name\":\"Paysika\",\"url\":\"https:\/\/paysika.co\/cm\/\",\"logo\":{\"@type\":\"ImageObject\",\"inLanguage\":\"fr-FR\",\"@id\":\"https:\/\/paysika.co\/cm\/#\/schema\/logo\/image\/\",\"url\":\"https:\/\/i0.wp.com\/paysika.co\/cm\/wp-content\/uploads\/sites\/14\/2022\/09\/cropped-favicon.png?fit=512%2C512&ssl=1\",\"contentUrl\":\"https:\/\/i0.wp.com\/paysika.co\/cm\/wp-content\/uploads\/sites\/14\/2022\/09\/cropped-favicon.png?fit=512%2C512&ssl=1\",\"width\":512,\"height\":512,\"caption\":\"Paysika\"},\"image\":{\"@id\":\"https:\/\/paysika.co\/cm\/#\/schema\/logo\/image\/\"},\"sameAs\":[\"https:\/\/www.facebook.com\/paysika\",\"https:\/\/x.com\/Paysika_Afrique\",\"https:\/\/www.instagram.com\/paysika\/\",\"https:\/\/www.linkedin.com\/company\/paysika\",\"https:\/\/www.youtube.com\/@paysika6327\",\"https:\/\/www.tiktok.com\/@paysika\"]}]}<\/script>\n<!-- \/ Yoast SEO Premium plugin. -->","yoast_head_json":{"title":"LTD -section FR - Cameroun","robots":{"index":"index","follow":"follow","max-snippet":"max-snippet:-1","max-image-preview":"max-image-preview:large","max-video-preview":"max-video-preview:-1"},"canonical":"https:\/\/paysika.co\/cm\/ltd-section-fr\/","og_locale":"fr_FR","og_type":"article","og_title":"LTD --section FR","og_description":"Les cartes bancaires VISA PaySika sont \u00e9mises par PaySika Cameroun conjointement avec Ecobank Cameroon au Cameroun, en vertu d\u2019une licence de Visa International.PaySika Holding est une soci\u00e9t\u00e9 enregistr\u00e9e en France, au Registre du Commerce et des Soci\u00e9t\u00e9s de Toulouse sous le num\u00e9ro 881936744, avec si\u00e8ge social au 55 Avenue Louis Breguet, 31400 Toulouse, La Cit\u00e9, [&hellip;]","og_url":"https:\/\/paysika.co\/cm\/ltd-section-fr\/","og_site_name":"Cameroun","article_publisher":"https:\/\/www.facebook.com\/paysika","article_modified_time":"2023-08-16T14:32:49+00:00","og_image":[{"width":512,"height":512,"url":"https:\/\/i0.wp.com\/paysika.co\/cm\/wp-content\/uploads\/sites\/14\/2022\/09\/cropped-favicon.png?fit=512%2C512&ssl=1","type":"image\/png"}],"twitter_card":"summary_large_image","twitter_site":"@Paysika_Afrique","twitter_misc":{"Est. reading time":"1 minute"},"schema":{"@context":"https:\/\/schema.org","@graph":[{"@type":"WebPage","@id":"https:\/\/paysika.co\/cm\/ltd-section-fr\/","url":"https:\/\/paysika.co\/cm\/ltd-section-fr\/","name":"LTD -section FR - Cameroun","isPartOf":{"@id":"https:\/\/paysika.co\/cm\/#website"},"datePublished":"2022-08-24T17:58:40+00:00","dateModified":"2023-08-16T14:32:49+00:00","breadcrumb":{"@id":"https:\/\/paysika.co\/cm\/ltd-section-fr\/#breadcrumb"},"inLanguage":"fr-FR","potentialAction":[{"@type":"ReadAction","target":["https:\/\/paysika.co\/cm\/ltd-section-fr\/"]}]},{"@type":"BreadcrumbList","@id":"https:\/\/paysika.co\/cm\/ltd-section-fr\/#breadcrumb","itemListElement":[{"@type":"ListItem","position":1,"name":"Home","item":"https:\/\/paysika.co\/cm\/"},{"@type":"ListItem","position":2,"name":"LTD &#8211;section FR"}]},{"@type":"WebSite","@id":"https:\/\/paysika.co\/cm\/#website","url":"https:\/\/paysika.co\/cm\/","name":"Cameroun","description":"un compte, une carte bancaire gratuite","publisher":{"@id":"https:\/\/paysika.co\/cm\/#organization"},"potentialAction":[{"@type":"SearchAction","target":{"@type":"EntryPoint","urlTemplate":"https:\/\/paysika.co\/cm\/?s={search_term_string}"},"query-input":{"@type":"PropertyValueSpecification","valueRequired":true,"valueName":"search_term_string"}}],"inLanguage":"fr-FR"},{"@type":"Organization","@id":"https:\/\/paysika.co\/cm\/#organization","name":"Paysika","url":"https:\/\/paysika.co\/cm\/","logo":{"@type":"ImageObject","inLanguage":"fr-FR","@id":"https:\/\/paysika.co\/cm\/#\/schema\/logo\/image\/","url":"https:\/\/i0.wp.com\/paysika.co\/cm\/wp-content\/uploads\/sites\/14\/2022\/09\/cropped-favicon.png?fit=512%2C512&ssl=1","contentUrl":"https:\/\/i0.wp.com\/paysika.co\/cm\/wp-content\/uploads\/sites\/14\/2022\/09\/cropped-favicon.png?fit=512%2C512&ssl=1","width":512,"height":512,"caption":"Paysika"},"image":{"@id":"https:\/\/paysika.co\/cm\/#\/schema\/logo\/image\/"},"sameAs":["https:\/\/www.facebook.com\/paysika","https:\/\/x.com\/Paysika_Afrique","https:\/\/www.instagram.com\/paysika\/","https:\/\/www.linkedin.com\/company\/paysika","https:\/\/www.youtube.com\/@paysika6327","https:\/\/www.tiktok.com\/@paysika"]}]}},"_links":{"self":[{"href":"https:\/\/paysika.co\/cm\/wp-json\/wp\/v2\/pages\/852","targetHints":{"allow":["GET"]}}],"collection":[{"href":"https:\/\/paysika.co\/cm\/wp-json\/wp\/v2\/pages"}],"about":[{"href":"https:\/\/paysika.co\/cm\/wp-json\/wp\/v2\/types\/page"}],"author":[{"embeddable":true,"href":"https:\/\/paysika.co\/cm\/wp-json\/wp\/v2\/users\/1"}],"replies":[{"embeddable":true,"href":"https:\/\/paysika.co\/cm\/wp-json\/wp\/v2\/comments?post=852"}],"version-history":[{"count":10,"href":"https:\/\/paysika.co\/cm\/wp-json\/wp\/v2\/pages\/852\/revisions"}],"predecessor-version":[{"id":1600,"href":"https:\/\/paysika.co\/cm\/wp-json\/wp\/v2\/pages\/852\/revisions\/1600"}],"wp:attachment":[{"href":"https:\/\/paysika.co\/cm\/wp-json\/wp\/v2\/media?parent=852"}],"curies":[{"name":"wp","href":"https:\/\/api.w.org\/{rel}","templated":true}]}}